{"id":793,"date":"2020-05-15T09:58:48","date_gmt":"2020-05-15T09:58:48","guid":{"rendered":"https:\/\/proautomobile.ch\/?page_id=793"},"modified":"2024-12-11T18:08:15","modified_gmt":"2024-12-11T18:08:15","slug":"impressum","status":"publish","type":"page","link":"https:\/\/proautomobile.ch\/?page_id=793","title":{"rendered":"Impressum"},"content":{"rendered":"\t\t<div data-elementor-type=\"wp-page\" data-elementor-id=\"793\" class=\"elementor elementor-793\" data-elementor-post-type=\"page\">\n\t\t\t\t\t\t<section class=\"elementor-section elementor-top-section elementor-element elementor-element-5a98d723 elementor-section-boxed elementor-section-height-default elementor-section-height-default\" data-id=\"5a98d723\" data-element_type=\"section\" data-e-type=\"section\">\n\t\t\t\t\t\t<div class=\"elementor-container elementor-column-gap-default\">\n\t\t\t\t\t<div class=\"elementor-column elementor-col-100 elementor-top-column elementor-element elementor-element-7a3e15ef\" data-id=\"7a3e15ef\" data-element_type=\"column\" data-e-type=\"column\">\n\t\t\t<div class=\"elementor-widget-wrap elementor-element-populated\">\n\t\t\t\t\t\t<div class=\"elementor-element elementor-element-496b3e2e elementor-widget elementor-widget-text-editor\" data-id=\"496b3e2e\" data-element_type=\"widget\" data-e-type=\"widget\" data-widget_type=\"text-editor.default\">\n\t\t\t\t<div class=\"elementor-widget-container\">\n\t\t\t\t\t\t\t\t\t\n<h2 class=\"wp-block-heading\">Kontakt-Adresse<\/h2>\n\n<div class=\"wp-block-group is-layout-flow wp-block-group-is-layout-flow\"><div class=\"wp-block-group__inner-container\">\n<p>Pro Autmobile <br \/>Mensel Saini<br \/>Landstrasse 349<br \/>4314 Zeiningen <br \/>Schweiz<\/p>\n<\/div><\/div>\n\n<p class=\"has-text-align-left\">E-Mail:<br \/>info@proautomobile.ch<\/p>\n\n<h2 class=\"wp-block-heading\">Vertretungsberechtigte Person(en)<\/h2>\n\n<p>Mensel Saini, Gesch\u00e4ftsinhaber<\/p>\n\n<h2 class=\"wp-block-heading\">Haftungsausschluss<\/h2>\n\n<p>Der Autor \u00fcbernimmt keinerlei Gew\u00e4hr hinsichtlich der inhaltlichen Richtigkeit, Genauigkeit, Aktualit\u00e4t, Zuverl\u00e4ssigkeit und Vollst\u00e4ndigkeit der Informationen.<\/p>\n\n<p>Haftungsanspr\u00fcche gegen den Autor wegen Sch\u00e4den materieller oder immaterieller Art, welche aus dem Zugriff oder der Nutzung bzw. Nichtnutzung der ver\u00f6ffentlichten Informationen, durch Missbrauch der Verbindung oder durch technische St\u00f6rungen entstanden sind, werden ausgeschlossen.<\/p>\n\n<p>Alle Angebote sind unverbindlich. Der Autor beh\u00e4lt es sich ausdr\u00fccklich vor, Teile der Seiten oder das gesamte Angebot ohne besondere Ank\u00fcndigung zu ver\u00e4ndern, zu erg\u00e4nzen, zu l\u00f6schen oder die Ver\u00f6ffentlichung zeitweise oder endg\u00fcltig einzustellen.<\/p>\n\n<h2 class=\"wp-block-heading\">Haftungsausschluss f\u00fcr Links<\/h2>\n\n<p>Verweise und Links auf Webseiten Dritter liegen ausserhalb unseres Verantwortungsbereichs. Es wird jegliche Verantwortung f\u00fcr solche Webseiten abgelehnt. Der Zugriff und die Nutzung solcher Webseiten erfolgen auf eigene Gefahr des jeweiligen Nutzers.<\/p>\n\n<h2 class=\"wp-block-heading\">Urheberrechte<\/h2>\n\n<p>Die Urheber- und alle anderen Rechte an Inhalten, Bildern, Fotos oder anderen Dateien auf dieser Website, geh\u00f6ren ausschliesslich\u00a0<strong>Mensel Saini<\/strong>\u00a0oder den speziell genannten Rechteinhabern. F\u00fcr die Reproduktion jeglicher Elemente ist die schriftliche Zustimmung des Urheberrechtstr\u00e4gers im Voraus einzuholen.<\/p>\n\t\t\t\t\t\t\t\t<\/div>\n\t\t\t\t<\/div>\n\t\t\t\t\t<\/div>\n\t\t<\/div>\n\t\t\t\t\t<\/div>\n\t\t<\/section>\n\t\t\t\t<\/div>\n\t\t","protected":false},"excerpt":{"rendered":"<p>Kontakt-Adresse Pro Autmobile Mensel SainiLandstrasse 3494314 Zeiningen Schweiz E-Mail:info@proautomobile.ch Vertretungsberechtigte Person(en) Mensel Saini, Gesch\u00e4ftsinhaber Haftungsausschluss Der Autor \u00fcbernimmt keinerlei Gew\u00e4hr hinsichtlich der inhaltlichen Richtigkeit, Genauigkeit, Aktualit\u00e4t, Zuverl\u00e4ssigkeit und Vollst\u00e4ndigkeit der Informationen. Haftungsanspr\u00fcche gegen den Autor wegen Sch\u00e4den materieller oder immaterieller Art, welche aus dem Zugriff oder der Nutzung bzw. Nichtnutzung der ver\u00f6ffentlichten Informationen, durch Missbrauch [&hellip;]<\/p>\n","protected":false},"author":1,"featured_media":0,"parent":0,"menu_order":1,"comment_status":"closed","ping_status":"closed","template":"","meta":{"site-sidebar-layout":"default","site-content-layout":"default","ast-site-content-layout":"default","site-content-style":"default","site-sidebar-style":"default","ast-global-header-display":"","ast-banner-title-visibility":"","ast-main-header-display":"","ast-hfb-above-header-display":"","ast-hfb-below-header-display":"","ast-hfb-mobile-header-display":"","site-post-title":"","ast-breadcrumbs-content":"","ast-featured-img":"","footer-sml-layout":"","ast-disable-related-posts":"","theme-transparent-header-meta":"default","adv-header-id-meta":"","stick-header-meta":"","header-above-stick-meta":"","header-main-stick-meta":"","header-below-stick-meta":"","astra-migrate-meta-layouts":"default","ast-page-background-enabled":"default","ast-page-background-meta":{"desktop":{"background-color":"","background-image":"","background-repeat":"repeat","background-position":"center center","background-size":"auto","background-attachment":"scroll","background-type":"","background-media":"","overlay-type":"","overlay-color":"","overlay-opacity":"","overlay-gradient":""},"tablet":{"background-color":"","background-image":"","background-repeat":"repeat","background-position":"center center","background-size":"auto","background-attachment":"scroll","background-type":"","background-media":"","overlay-type":"","overlay-color":"","overlay-opacity":"","overlay-gradient":""},"mobile":{"background-color":"","background-image":"","background-repeat":"repeat","background-position":"center center","background-size":"auto","background-attachment":"scroll","background-type":"","background-media":"","overlay-type":"","overlay-color":"","overlay-opacity":"","overlay-gradient":""}},"ast-content-background-meta":{"desktop":{"background-color":"var(--ast-global-color-5)","background-image":"","background-repeat":"repeat","background-position":"center center","background-size":"auto","background-attachment":"scroll","background-type":"","background-media":"","overlay-type":"","overlay-color":"","overlay-opacity":"","overlay-gradient":""},"tablet":{"background-color":"var(--ast-global-color-5)","background-image":"","background-repeat":"repeat","background-position":"center center","background-size":"auto","background-attachment":"scroll","background-type":"","background-media":"","overlay-type":"","overlay-color":"","overlay-opacity":"","overlay-gradient":""},"mobile":{"background-color":"var(--ast-global-color-5)","background-image":"","background-repeat":"repeat","background-position":"center center","background-size":"auto","background-attachment":"scroll","background-type":"","background-media":"","overlay-type":"","overlay-color":"","overlay-opacity":"","overlay-gradient":""}},"footnotes":""},"class_list":["post-793","page","type-page","status-publish","hentry"],"yoast_head":"<!-- This site is optimized with the Yoast SEO plugin v27.4 - https:\/\/yoast.com\/product\/yoast-seo-wordpress\/ -->\n<title>Impressum - Pro Automobile<\/title>\n<meta name=\"robots\" content=\"index, follow, max-snippet:-1, max-image-preview:large, max-video-preview:-1\" \/>\n<link rel=\"canonical\" href=\"https:\/\/proautomobile.ch\/?page_id=793\" \/>\n<meta property=\"og:locale\" content=\"de_DE\" \/>\n<meta property=\"og:type\" content=\"article\" \/>\n<meta property=\"og:title\" content=\"Impressum - Pro Automobile\" \/>\n<meta property=\"og:description\" content=\"Kontakt-Adresse Pro Autmobile Mensel SainiLandstrasse 3494314 Zeiningen Schweiz E-Mail:info@proautomobile.ch Vertretungsberechtigte Person(en) Mensel Saini, Gesch\u00e4ftsinhaber Haftungsausschluss Der Autor \u00fcbernimmt keinerlei Gew\u00e4hr hinsichtlich der inhaltlichen Richtigkeit, Genauigkeit, Aktualit\u00e4t, Zuverl\u00e4ssigkeit und Vollst\u00e4ndigkeit der Informationen. Haftungsanspr\u00fcche gegen den Autor wegen Sch\u00e4den materieller oder immaterieller Art, welche aus dem Zugriff oder der Nutzung bzw. Nichtnutzung der ver\u00f6ffentlichten Informationen, durch Missbrauch [&hellip;]\" \/>\n<meta property=\"og:url\" content=\"https:\/\/proautomobile.ch\/?page_id=793\" \/>\n<meta property=\"og:site_name\" content=\"Pro Automobile\" \/>\n<meta property=\"article:modified_time\" content=\"2024-12-11T18:08:15+00:00\" \/>\n<meta name=\"twitter:card\" content=\"summary_large_image\" \/>\n<meta name=\"twitter:label1\" content=\"Gesch\u00e4tzte Lesezeit\" \/>\n\t<meta name=\"twitter:data1\" content=\"1\u00a0Minute\" \/>\n<script type=\"application\/ld+json\" class=\"yoast-schema-graph\">{\"@context\":\"https:\\\/\\\/schema.org\",\"@graph\":[{\"@type\":\"WebPage\",\"@id\":\"https:\\\/\\\/proautomobile.ch\\\/?page_id=793\",\"url\":\"https:\\\/\\\/proautomobile.ch\\\/?page_id=793\",\"name\":\"Impressum - Pro Automobile\",\"isPartOf\":{\"@id\":\"https:\\\/\\\/proautomobile.ch\\\/#website\"},\"datePublished\":\"2020-05-15T09:58:48+00:00\",\"dateModified\":\"2024-12-11T18:08:15+00:00\",\"breadcrumb\":{\"@id\":\"https:\\\/\\\/proautomobile.ch\\\/?page_id=793#breadcrumb\"},\"inLanguage\":\"de\",\"potentialAction\":[{\"@type\":\"ReadAction\",\"target\":[\"https:\\\/\\\/proautomobile.ch\\\/?page_id=793\"]}]},{\"@type\":\"BreadcrumbList\",\"@id\":\"https:\\\/\\\/proautomobile.ch\\\/?page_id=793#breadcrumb\",\"itemListElement\":[{\"@type\":\"ListItem\",\"position\":1,\"name\":\"Home\",\"item\":\"https:\\\/\\\/proautomobile.ch\\\/\"},{\"@type\":\"ListItem\",\"position\":2,\"name\":\"Impressum\"}]},{\"@type\":\"WebSite\",\"@id\":\"https:\\\/\\\/proautomobile.ch\\\/#website\",\"url\":\"https:\\\/\\\/proautomobile.ch\\\/\",\"name\":\"Pro Automobile\",\"description\":\"Deine Autowerkstatt in der Region Rheinfelden\",\"publisher\":{\"@id\":\"https:\\\/\\\/proautomobile.ch\\\/#organization\"},\"potentialAction\":[{\"@type\":\"SearchAction\",\"target\":{\"@type\":\"EntryPoint\",\"urlTemplate\":\"https:\\\/\\\/proautomobile.ch\\\/?s={search_term_string}\"},\"query-input\":{\"@type\":\"PropertyValueSpecification\",\"valueRequired\":true,\"valueName\":\"search_term_string\"}}],\"inLanguage\":\"de\"},{\"@type\":\"Organization\",\"@id\":\"https:\\\/\\\/proautomobile.ch\\\/#organization\",\"name\":\"Pro Automobile\",\"url\":\"https:\\\/\\\/proautomobile.ch\\\/\",\"logo\":{\"@type\":\"ImageObject\",\"inLanguage\":\"de\",\"@id\":\"https:\\\/\\\/proautomobile.ch\\\/#\\\/schema\\\/logo\\\/image\\\/\",\"url\":\"https:\\\/\\\/proautomobile.ch\\\/wp-content\\\/uploads\\\/2020\\\/05\\\/Design-ohne-Titel-4.png\",\"contentUrl\":\"https:\\\/\\\/proautomobile.ch\\\/wp-content\\\/uploads\\\/2020\\\/05\\\/Design-ohne-Titel-4.png\",\"width\":500,\"height\":500,\"caption\":\"Pro Automobile\"},\"image\":{\"@id\":\"https:\\\/\\\/proautomobile.ch\\\/#\\\/schema\\\/logo\\\/image\\\/\"}}]}<\/script>\n<!-- \/ Yoast SEO plugin. -->","yoast_head_json":{"title":"Impressum - Pro Automobile","robots":{"index":"index","follow":"follow","max-snippet":"max-snippet:-1","max-image-preview":"max-image-preview:large","max-video-preview":"max-video-preview:-1"},"canonical":"https:\/\/proautomobile.ch\/?page_id=793","og_locale":"de_DE","og_type":"article","og_title":"Impressum - Pro Automobile","og_description":"Kontakt-Adresse Pro Autmobile Mensel SainiLandstrasse 3494314 Zeiningen Schweiz E-Mail:info@proautomobile.ch Vertretungsberechtigte Person(en) Mensel Saini, Gesch\u00e4ftsinhaber Haftungsausschluss Der Autor \u00fcbernimmt keinerlei Gew\u00e4hr hinsichtlich der inhaltlichen Richtigkeit, Genauigkeit, Aktualit\u00e4t, Zuverl\u00e4ssigkeit und Vollst\u00e4ndigkeit der Informationen. Haftungsanspr\u00fcche gegen den Autor wegen Sch\u00e4den materieller oder immaterieller Art, welche aus dem Zugriff oder der Nutzung bzw. Nichtnutzung der ver\u00f6ffentlichten Informationen, durch Missbrauch [&hellip;]","og_url":"https:\/\/proautomobile.ch\/?page_id=793","og_site_name":"Pro Automobile","article_modified_time":"2024-12-11T18:08:15+00:00","twitter_card":"summary_large_image","twitter_misc":{"Gesch\u00e4tzte Lesezeit":"1\u00a0Minute"},"schema":{"@context":"https:\/\/schema.org","@graph":[{"@type":"WebPage","@id":"https:\/\/proautomobile.ch\/?page_id=793","url":"https:\/\/proautomobile.ch\/?page_id=793","name":"Impressum - Pro Automobile","isPartOf":{"@id":"https:\/\/proautomobile.ch\/#website"},"datePublished":"2020-05-15T09:58:48+00:00","dateModified":"2024-12-11T18:08:15+00:00","breadcrumb":{"@id":"https:\/\/proautomobile.ch\/?page_id=793#breadcrumb"},"inLanguage":"de","potentialAction":[{"@type":"ReadAction","target":["https:\/\/proautomobile.ch\/?page_id=793"]}]},{"@type":"BreadcrumbList","@id":"https:\/\/proautomobile.ch\/?page_id=793#breadcrumb","itemListElement":[{"@type":"ListItem","position":1,"name":"Home","item":"https:\/\/proautomobile.ch\/"},{"@type":"ListItem","position":2,"name":"Impressum"}]},{"@type":"WebSite","@id":"https:\/\/proautomobile.ch\/#website","url":"https:\/\/proautomobile.ch\/","name":"Pro Automobile","description":"Deine Autowerkstatt in der Region Rheinfelden","publisher":{"@id":"https:\/\/proautomobile.ch\/#organization"},"potentialAction":[{"@type":"SearchAction","target":{"@type":"EntryPoint","urlTemplate":"https:\/\/proautomobile.ch\/?s={search_term_string}"},"query-input":{"@type":"PropertyValueSpecification","valueRequired":true,"valueName":"search_term_string"}}],"inLanguage":"de"},{"@type":"Organization","@id":"https:\/\/proautomobile.ch\/#organization","name":"Pro Automobile","url":"https:\/\/proautomobile.ch\/","logo":{"@type":"ImageObject","inLanguage":"de","@id":"https:\/\/proautomobile.ch\/#\/schema\/logo\/image\/","url":"https:\/\/proautomobile.ch\/wp-content\/uploads\/2020\/05\/Design-ohne-Titel-4.png","contentUrl":"https:\/\/proautomobile.ch\/wp-content\/uploads\/2020\/05\/Design-ohne-Titel-4.png","width":500,"height":500,"caption":"Pro Automobile"},"image":{"@id":"https:\/\/proautomobile.ch\/#\/schema\/logo\/image\/"}}]}},"_links":{"self":[{"href":"https:\/\/proautomobile.ch\/index.php?rest_route=\/wp\/v2\/pages\/793","targetHints":{"allow":["GET"]}}],"collection":[{"href":"https:\/\/proautomobile.ch\/index.php?rest_route=\/wp\/v2\/pages"}],"about":[{"href":"https:\/\/proautomobile.ch\/index.php?rest_route=\/wp\/v2\/types\/page"}],"author":[{"embeddable":true,"href":"https:\/\/proautomobile.ch\/index.php?rest_route=\/wp\/v2\/users\/1"}],"replies":[{"embeddable":true,"href":"https:\/\/proautomobile.ch\/index.php?rest_route=%2Fwp%2Fv2%2Fcomments&post=793"}],"version-history":[{"count":3,"href":"https:\/\/proautomobile.ch\/index.php?rest_route=\/wp\/v2\/pages\/793\/revisions"}],"predecessor-version":[{"id":2228,"href":"https:\/\/proautomobile.ch\/index.php?rest_route=\/wp\/v2\/pages\/793\/revisions\/2228"}],"wp:attachment":[{"href":"https:\/\/proautomobile.ch\/index.php?rest_route=%2Fwp%2Fv2%2Fmedia&parent=793"}],"curies":[{"name":"wp","href":"https:\/\/api.w.org\/{rel}","templated":true}]}}